{"id":5,"date":"2012-10-08T17:06:49","date_gmt":"2012-10-08T15:06:49","guid":{"rendered":"http:\/\/zentyal.dermuch.com\/wordpress\/?page_id=5"},"modified":"2016-10-31T23:09:00","modified_gmt":"2016-10-31T22:09:00","slug":"willkommen","status":"publish","type":"page","link":"https:\/\/www1.dermuch.com\/","title":{"rendered":"Willkommen"},"content":{"rendered":"<p>Ein Studio mit dem Know-how von Michael Tuschek alias \u201cMuch\u201d, nach 25 j\u00e4hriger Erfahrung als Tontechniker ein \u201calter Hase\u201d in dieser Branche, ein Studio mit Routine, wo der gute Ton zuhause ist. Die Raum-in-Raum Konstruktion basiert auf dem in langer Zeit erworbenem Wissen, und das Ergebnis kann sich sehen und h\u00f6ren lassen.<\/p>\n<p>Hier ist alles \u2013 fast alles \u2013 Chefsache, vor allem Ihr erfolgreicher Werbeauftritt. Perfektionismus und Liebe zum Detail sorgen f\u00fcr die entsprechend gute Tonqualit\u00e4t und meisterhafte Kl\u00e4nge und Soundeffekte, so auch der Slogan unseres Studios \u201cT\u00f6ne, von Meisterhand geformt\u201d.<\/p>\n","protected":false},"excerpt":{"rendered":"<p>Ein Studio mit dem Know-how von Michael Tuschek alias \u201cMuch\u201d, nach 25 j\u00e4hriger Erfahrung als Tontechniker ein \u201calter Hase\u201d in dieser Branche, ein Studio mit Routine, wo der gute Ton zuhause ist. Die Raum-in-Raum Konstruktion basiert auf dem in langer Zeit erworbenem Wissen, und das Ergebnis kann sich sehen und\u2026<\/p>\n<p class=\"continue-reading-button\"> <a class=\"continue-reading-link\" href=\"https:\/\/www1.dermuch.com\/\">Continue reading<i class=\"crycon-right-dir\"><\/i><\/a><\/p>\n","protected":false},"author":1,"featured_media":0,"parent":0,"menu_order":1,"comment_status":"closed","ping_status":"closed","template":"","meta":{"footnotes":""},"class_list":["post-5","page","type-page","status-publish","hentry"],"_links":{"self":[{"href":"https:\/\/www1.dermuch.com\/index.php?rest_route=\/wp\/v2\/pages\/5","targetHints":{"allow":["GET"]}}],"collection":[{"href":"https:\/\/www1.dermuch.com\/index.php?rest_route=\/wp\/v2\/pages"}],"about":[{"href":"https:\/\/www1.dermuch.com\/index.php?rest_route=\/wp\/v2\/types\/page"}],"author":[{"embeddable":true,"href":"https:\/\/www1.dermuch.com\/index.php?rest_route=\/wp\/v2\/users\/1"}],"replies":[{"embeddable":true,"href":"https:\/\/www1.dermuch.com\/index.php?rest_route=%2Fwp%2Fv2%2Fcomments&post=5"}],"version-history":[{"count":11,"href":"https:\/\/www1.dermuch.com\/index.php?rest_route=\/wp\/v2\/pages\/5\/revisions"}],"predecessor-version":[{"id":561,"href":"https:\/\/www1.dermuch.com\/index.php?rest_route=\/wp\/v2\/pages\/5\/revisions\/561"}],"wp:attachment":[{"href":"https:\/\/www1.dermuch.com\/index.php?rest_route=%2Fwp%2Fv2%2Fmedia&parent=5"}],"curies":[{"name":"wp","href":"https:\/\/api.w.org\/{rel}","templated":true}]}}