{"id":336,"date":"2015-09-08T11:13:43","date_gmt":"2015-09-08T09:13:43","guid":{"rendered":"http:\/\/zentyal.dermuch.com\/wordpress\/?page_id=336"},"modified":"2018-04-10T19:03:03","modified_gmt":"2018-04-10T17:03:03","slug":"impressum","status":"publish","type":"page","link":"https:\/\/www1.dermuch.com\/?page_id=336","title":{"rendered":"Impressum"},"content":{"rendered":"<div id=\"Layer2\">\n<h4 class=\"Text\">Autor &amp; Gestalter:<\/h4>\n<p class=\"Text\">Michael Tuschek, Kohlgasse 45\/4-6, 1050 Wien, Tel. 436763179422, E-Mail <a href=\"mailto:office@dermuch.com\">office@dermuch.com<\/a><\/p>\n<p class=\"Text\">Offenlegung gem. \u00a725 des Mediengesetzes<\/p>\n<h4 class=\"Text\">Medieninhaber und Herausgeber:<\/h4>\n<p class=\"Text\">Michael Tuschek, Kohlgasse 45\/4-6, 1050 Wien<\/p>\n<p class=\"Text\">Grundlegende Richtung: Informationsseite<\/p>\n<h4 class=\"Text\">Haftung:<\/h4>\n<p class=\"Text\">S\u00e4mtliche Texte auf der Webseite wurden sorgf\u00e4ltig gepr\u00fcft. Dessen ungeachtet kann keine Garantie f\u00fcr Richtigkeit, Vollst\u00e4ndigkeit und Aktualit\u00e4t der Angaben \u00fcbernommen werden.<\/p>\n<h4 class=\"Text\">Datenschutz:<\/h4>\n<p class=\"Text\">Die Website wird auf unserem Server betrieben. Die Daten, die aufgrund des Besucherverkehrs\u00a0 gesammelt werden, werden an niemanden weitergeleitet bzw. auch nicht gespeichert.<\/p>\n<h4 class=\"Text\">Copyright:<\/h4>\n<p class=\"Text\">S\u00e4mtliche Texte, Grafiken (ausgenommen die der Links) und Bilder sind urheberrechtlich gesch\u00fctzt. Eine Verwendung ist nur mit ausdr\u00fccklicher Genehmigung des Erstellers Michael Tuschek zul\u00e4ssig.<\/p>\n<h4 class=\"Text\">Links:<\/h4>\n<p class=\"bodyText\"><span class=\"Text\">Links auf unsere Webseite sind erw\u00fcnscht. Eine \u00dcbernahme des Hauptfensters in ein Framesets ist unzul\u00e4ssig. Eigene Links auf fremde Seiten stellen nur einen Wegweiser zu dieser Seite dar. Der Herausgeber identifiziert sich nicht mit dem Inhalt der Seite, auf die gelinkt wird, und \u00fcbernimmt daf\u00fcr keine Haftung. Sollte eine Seite auf die gelinkt wird, bedenkliche oder rechtswidrige Inhalte aufweisen, wird um Mitteilung gebeten, in einem solchen Fall wird der Link sofort gel\u00f6scht<\/span>.<\/p>\n<\/div>\n","protected":false},"excerpt":{"rendered":"<p>Autor &amp; Gestalter: Michael Tuschek, Kohlgasse 45\/4-6, 1050 Wien, Tel. 436763179422, E-Mail office@dermuch.com Offenlegung gem. \u00a725 des Mediengesetzes Medieninhaber und Herausgeber: Michael Tuschek, Kohlgasse 45\/4-6, 1050 Wien Grundlegende Richtung: Informationsseite Haftung: S\u00e4mtliche Texte auf der Webseite wurden sorgf\u00e4ltig gepr\u00fcft. Dessen ungeachtet kann keine Garantie f\u00fcr Richtigkeit, Vollst\u00e4ndigkeit und Aktualit\u00e4t der\u2026<\/p>\n<p class=\"continue-reading-button\"> <a class=\"continue-reading-link\" href=\"https:\/\/www1.dermuch.com\/?page_id=336\">Continue reading<i class=\"crycon-right-dir\"><\/i><\/a><\/p>\n","protected":false},"author":1,"featured_media":0,"parent":0,"menu_order":0,"comment_status":"closed","ping_status":"closed","template":"","meta":{"footnotes":""},"class_list":["post-336","page","type-page","status-publish","hentry"],"_links":{"self":[{"href":"https:\/\/www1.dermuch.com\/index.php?rest_route=\/wp\/v2\/pages\/336","targetHints":{"allow":["GET"]}}],"collection":[{"href":"https:\/\/www1.dermuch.com\/index.php?rest_route=\/wp\/v2\/pages"}],"about":[{"href":"https:\/\/www1.dermuch.com\/index.php?rest_route=\/wp\/v2\/types\/page"}],"author":[{"embeddable":true,"href":"https:\/\/www1.dermuch.com\/index.php?rest_route=\/wp\/v2\/users\/1"}],"replies":[{"embeddable":true,"href":"https:\/\/www1.dermuch.com\/index.php?rest_route=%2Fwp%2Fv2%2Fcomments&post=336"}],"version-history":[{"count":6,"href":"https:\/\/www1.dermuch.com\/index.php?rest_route=\/wp\/v2\/pages\/336\/revisions"}],"predecessor-version":[{"id":567,"href":"https:\/\/www1.dermuch.com\/index.php?rest_route=\/wp\/v2\/pages\/336\/revisions\/567"}],"wp:attachment":[{"href":"https:\/\/www1.dermuch.com\/index.php?rest_route=%2Fwp%2Fv2%2Fmedia&parent=336"}],"curies":[{"name":"wp","href":"https:\/\/api.w.org\/{rel}","templated":true}]}}